{"id":632,"date":"2022-03-21T07:42:33","date_gmt":"2022-03-21T07:42:33","guid":{"rendered":"http:\/\/doctoracarolinalonglax.com.co\/?page_id=632"},"modified":"2023-01-22T22:44:56","modified_gmt":"2023-01-22T22:44:56","slug":"home","status":"publish","type":"page","link":"https:\/\/doctoracarolinalonglax.com.co\/","title":{"rendered":"Home"},"content":{"rendered":"\n<h1>\n\t\t\t\t\tDra. Carolina<br>Longlax<br>\n\t\t\t\t<\/h1>\n\t<h5>\n\t\t\t\t\tOdont\u00f3loga &#8211; Ortodoncista\n\t\t\t\t<\/h5>\n\t\t\t<p>Soy la Doctora Carolina Longlax, Odont\u00f3loga COC, Especialista en Ortodoncia, Universidad El Bosque, miembro de la&nbsp;Sociedad Colombiana de Ortodoncia.<\/p>\n\t\t\t<a href=\"https:\/\/wa.me\/573023233119?text=Quisiera%20solicitar%20una%20cita!\" target=\"_blank\" role=\"button\" rel=\"noopener\">\n\t\t\t\t\t\tSolicitar una cita\n\t\t<\/a>\n\t\t\t<a href=\"#\" target=\"_self\" role=\"button\" rel=\"noopener\">\n\t\t\t\t\t\tVer m\u00e1s\n\t\t<\/a>\n\t<ul>\n\t\t<li>\t\t\t\t\n\t\tTransparencia<\/li>\t<\/ul>\n\t<ul>\n\t\t<li>\t\t\t\t\n\t\tConfianza<\/li>\t<\/ul>\n\t<ul>\n\t\t<li>\t\t\t\t\n\t\tProfesionalismo<\/li>\t<\/ul>\n\t\t\t\t<img decoding=\"async\" src=\"https:\/\/doctoracarolinalonglax.com.co\/wp-content\/uploads\/2022\/10\/banner.png\" alt=\"banner\" itemprop=\"image\">\n\t<h6>\n\t\t\t\t\tServicios\n\t\t\t\t<\/h6>\n\t<h2>\n\t\t\t\t\t\u00bfC\u00f3mo ayudo a mis pacientes?\n\t\t\t\t<\/h2>\n\t\t\t<p>Llegamos a la poblaci\u00f3n infantil, adolescente y adulta, a nivel nacional e internacional, por medio de consultas diagn\u00f3sticas; realizando tratamientos que van desde la prevenci\u00f3n y promoci\u00f3n, hasta altas complejidades; asistiendo todo tipo de necesidad y requerimiento.<\/p>\n\t\t\t\t<img decoding=\"async\" src=\"https:\/\/doctoracarolinalonglax.com.co\/wp-content\/uploads\/2022\/09\/Pag-web-3.webp\" alt=\"Pag-web-3\" itemprop=\"image\">\n\t<h3>\n\t\t\t\t\tServicios especializados\n\t\t\t\t<\/h3>\n\t\t\t<p>En ortodoncia, periodoncia y odontolog\u00eda integral, fundamentados en diagn\u00f3stico certero y tratamientos basados en evidencia cient\u00edfica.<\/p>\n\t\t\t<a href=\"https:\/\/doctoracarolinalonglax.com.co\/?page_id=634\" target=\"_self\" role=\"button\" rel=\"noopener\">\n\t\t\t\t\t\tLeer m\u00e1s\n\t\t<\/a>\n\t<h3>\n\t\t\t\t\tEconom\u00eda y facilidad de pagos \n\t\t\t\t<\/h3>\n\t\t\t<p>Valores de tratamientos, c\u00f3modos, de f\u00e1cil acceso <\/p>\n\t\t\t<a href=\"https:\/\/doctoracarolinalonglax.com.co\/?page_id=634\" target=\"_self\" role=\"button\" rel=\"noopener\">\n\t\t\t\t\t\tLeer m\u00e1s\n\t\t<\/a>\n\t\t\t\t<img decoding=\"async\" src=\"https:\/\/doctoracarolinalonglax.com.co\/wp-content\/uploads\/2022\/09\/Pag-web-2.webp\" alt=\"Pag-web-2\" itemprop=\"image\">\n\t\t\t\t<img decoding=\"async\" src=\"https:\/\/doctoracarolinalonglax.com.co\/wp-content\/uploads\/2022\/09\/Pag-web-1-100.webp\" alt=\"Pag-web-1-100\" itemprop=\"image\">\n\t<h3>\n\t\t\t\t\t\u00c9tica y Profesionalismo \n\t\t\t\t<\/h3>\n\t\t\t<p>Profesionales Calificados, con sentido de Responsabilidad, \u00c9tica y Compromiso, quienes superan las expectativas de la poblaci\u00f3n atendida<\/p>\n\t\t\t<a href=\"https:\/\/doctoracarolinalonglax.com.co\/?page_id=634\" target=\"_self\" role=\"button\" rel=\"noopener\">\n\t\t\t\t\t\tLeer m\u00e1s\n\t\t<\/a>\n\t<h2>\n\t\t\t\t\t\u00bfPor qu\u00e9 yo?\n\t\t\t\t<\/h2>\n\t\t\t<p>La calidad marca la diferencia, no el costo.<\/p>\n\t<h4>\n\t\t\t\t\tPresici\u00f3n en ortodoncia\n\t\t\t\t<\/h4>\n\t\t\t<p>Exactitud en el diagn\u00f3stico<\/p>\n\t<h4>\n\t\t\t\t\tCalidad\n\t\t\t\t<\/h4>\n\t\t\t<p>Atenci\u00f3n personalizada, m\u00e1s tiempo para usted, con horarios flexibles<\/p>\n\t<h4>\n\t\t\t\t\tPerfecci\u00f3n\n\t\t\t\t<\/h4>\n\t\t\t<p>Correcci\u00f3n de la posici\u00f3n dental<\/p>\n\t<h4>\n\t\t\t\t\tProfesionalismo\n\t\t\t\t<\/h4>\n\t\t\t<p>Ortodoncia basada en evidencia cient\u00edfica<\/p>\n\t<h4>\n\t\t\t\t\tCalidad\n\t\t\t\t<\/h4>\n\t\t\t<p>Manejo interdisciplinario de alta calidad<\/p>\n\t<h4>\n\t\t\t\t\tAdaptabilidad\n\t\t\t\t<\/h4>\n\t\t\t<p>Tratamientos basados en par\u00e1metros funcionales de alta calidad<\/p>\n\t<h6>\n\t\t\t\t\tTestimonios\n\t\t\t\t<\/h6>\n\t<h2>\n\t\t\t\t\t\u00bfQue opinan mis clientes?\n\t\t\t\t<\/h2>\n\t<p>Con mucha satisfacci\u00f3n y agradecimiento por el tratamiento y la atenci\u00f3n que recibimos por parte de ustedes. Muchisimas gracias y que Dios los bendiga.<\/p>\n\t<p>Ahora debo resumir en unos pocos renglones, palabras y oraciones el inmenso, incalculable, infinito e interminable agradecimiento a ustedes dos, Caro y Yola&#8230; Sus conociementos y compromiso hacen que mi felicidad est\u00e9 un paso m\u00e1s cerca.<\/p>\n\t<p>Estoy muy contento del resultado. Tengo la sonrisa que siempre quise tener. La doctora Carolina es alguien muy profesional y que realmente est\u00e1 pendiente de sus pacientes. Durante mi tratamiento me sent\u00eda muy seguro y ve\u00eda siempre una mejora en mis dientes.<\/p>\n\t\t\t\t<img decoding=\"async\" src=\"https:\/\/doctoracarolinalonglax.com.co\/wp-content\/uploads\/2022\/10\/LOGO-SCO-300x183-1.png\" alt=\"LOGO-SCO-300x183\" itemprop=\"image\">\n\t\t\t\t<img decoding=\"async\" src=\"https:\/\/doctoracarolinalonglax.com.co\/wp-content\/uploads\/2022\/10\/GetTicketLogo-1.png\" alt=\"GetTicketLogo (1)\" itemprop=\"image\">\n\t\t\t\t<img decoding=\"async\" src=\"https:\/\/doctoracarolinalonglax.com.co\/wp-content\/uploads\/2022\/10\/FOTO-DOC.png\" alt=\"FOTO DOC\" itemprop=\"image\">\n\t<h6>\n\t\t\t\t\tContacto\n\t\t\t\t<\/h6>\n\t<h3>\n\t\t\t\t\tIngresa tus datos y pide una cita!\n\t\t\t\t<\/h3>\n","protected":false},"excerpt":{"rendered":"<p>Dra. CarolinaLonglax Odont\u00f3loga &#8211; Ortodoncista Soy la Doctora Carolina Longlax, Odont\u00f3loga COC, Especialista en Ortodoncia, Universidad El Bosque, miembro de la&nbsp;Sociedad Colombiana de Ortodoncia. Solicitar una cita Ver m\u00e1s Transparencia Confianza Profesionalismo Servicios \u00bfC\u00f3mo ayudo a mis pacientes? Llegamos a la poblaci\u00f3n infantil, adolescente y adulta, a nivel nacional e internacional, por medio de consultas [&hellip;]<\/p>\n","protected":false},"author":1,"featured_media":0,"parent":0,"menu_order":0,"comment_status":"closed","ping_status":"closed","template":"","meta":{"om_disable_all_campaigns":false,"_monsterinsights_skip_tracking":false,"_monsterinsights_sitenote_active":false,"_monsterinsights_sitenote_note":"","_monsterinsights_sitenote_category":0,"site-sidebar-layout":"no-sidebar","site-content-layout":"page-builder","ast-site-content-layout":"default","site-content-style":"default","site-sidebar-style":"default","ast-global-header-display":"","ast-banner-title-visibility":"","ast-main-header-display":"","ast-hfb-above-header-display":"","ast-hfb-below-header-display":"","ast-hfb-mobile-header-display":"","site-post-title":"disabled","ast-breadcrumbs-content":"","ast-featured-img":"disabled","footer-sml-layout":"","ast-disable-related-posts":"","theme-transparent-header-meta":"enabled","adv-header-id-meta":"","stick-header-meta":"","header-above-stick-meta":"","header-main-stick-meta":"","header-below-stick-meta":"","astra-migrate-meta-layouts":"default","ast-page-background-enabled":"default","ast-page-background-meta":{"desktop":{"background-color":"","background-image":"","background-repeat":"repeat","background-position":"center center","background-size":"auto","background-attachment":"scroll","background-type":"","background-media":"","overlay-type":"","overlay-color":"","overlay-opacity":"","overlay-gradient":""},"tablet":{"background-color":"","background-image":"","background-repeat":"repeat","background-position":"center center","background-size":"auto","background-attachment":"scroll","background-type":"","background-media":"","overlay-type":"","overlay-color":"","overlay-opacity":"","overlay-gradient":""},"mobile":{"background-color":"","background-image":"","background-repeat":"repeat","background-position":"center center","background-size":"auto","background-attachment":"scroll","background-type":"","background-media":"","overlay-type":"","overlay-color":"","overlay-opacity":"","overlay-gradient":""}},"ast-content-background-meta":{"desktop":{"background-color":"var(--ast-global-color-5)","background-image":"","background-repeat":"repeat","background-position":"center center","background-size":"auto","background-attachment":"scroll","background-type":"","background-media":"","overlay-type":"","overlay-color":"","overlay-opacity":"","overlay-gradient":""},"tablet":{"background-color":"var(--ast-global-color-5)","background-image":"","background-repeat":"repeat","background-position":"center center","background-size":"auto","background-attachment":"scroll","background-type":"","background-media":"","overlay-type":"","overlay-color":"","overlay-opacity":"","overlay-gradient":""},"mobile":{"background-color":"var(--ast-global-color-5)","background-image":"","background-repeat":"repeat","background-position":"center center","background-size":"auto","background-attachment":"scroll","background-type":"","background-media":"","overlay-type":"","overlay-color":"","overlay-opacity":"","overlay-gradient":""}},"_themeisle_gutenberg_block_has_review":false,"footnotes":""},"class_list":["post-632","page","type-page","status-publish","hentry"],"aioseo_notices":[],"_links":{"self":[{"href":"https:\/\/doctoracarolinalonglax.com.co\/index.php?rest_route=\/wp\/v2\/pages\/632","targetHints":{"allow":["GET"]}}],"collection":[{"href":"https:\/\/doctoracarolinalonglax.com.co\/index.php?rest_route=\/wp\/v2\/pages"}],"about":[{"href":"https:\/\/doctoracarolinalonglax.com.co\/index.php?rest_route=\/wp\/v2\/types\/page"}],"author":[{"embeddable":true,"href":"https:\/\/doctoracarolinalonglax.com.co\/index.php?rest_route=\/wp\/v2\/users\/1"}],"replies":[{"embeddable":true,"href":"https:\/\/doctoracarolinalonglax.com.co\/index.php?rest_route=%2Fwp%2Fv2%2Fcomments&post=632"}],"version-history":[{"count":65,"href":"https:\/\/doctoracarolinalonglax.com.co\/index.php?rest_route=\/wp\/v2\/pages\/632\/revisions"}],"predecessor-version":[{"id":1050,"href":"https:\/\/doctoracarolinalonglax.com.co\/index.php?rest_route=\/wp\/v2\/pages\/632\/revisions\/1050"}],"wp:attachment":[{"href":"https:\/\/doctoracarolinalonglax.com.co\/index.php?rest_route=%2Fwp%2Fv2%2Fmedia&parent=632"}],"curies":[{"name":"wp","href":"https:\/\/api.w.org\/{rel}","templated":true}]}}