{"id":635,"date":"2022-03-21T07:42:33","date_gmt":"2022-03-21T07:42:33","guid":{"rendered":"http:\/\/doctoracarolinalonglax.com.co\/?page_id=635"},"modified":"2022-12-20T21:41:53","modified_gmt":"2022-12-20T21:41:53","slug":"why-choose-me","status":"publish","type":"page","link":"https:\/\/doctoracarolinalonglax.com.co\/?page_id=635","title":{"rendered":"Why choose me"},"content":{"rendered":"\n\n\t<h6>\n\t\t\t\t\tLa calidad marca la diferencia, no el costo\n\t\t\t\t<\/h6>\n\t<h1>\n\t\t\t\t\t\u00bfPor qu\u00e9 yo?\n\t\t\t\t<\/h1>\n\t<h4>\n\t\t\t\t\tPresici\u00f3n en ortodoncia\n\t\t\t\t<\/h4>\n\t\t\t<p>Exactitud en el diagn\u00f3stico<\/p>\n\t<h4>\n\t\t\t\t\tCalidad\n\t\t\t\t<\/h4>\n\t\t\t<p>Atenci\u00f3n personalizada, m\u00e1s tiempo para usted, con horarios flexibles<\/p>\n\t<h4>\n\t\t\t\t\tPerfecci\u00f3n\n\t\t\t\t<\/h4>\n\t\t\t<p>Correcci\u00f3n de la posici\u00f3n dental<\/p>\n\t<h4>\n\t\t\t\t\tProfesionalismo\n\t\t\t\t<\/h4>\n\t\t\t<p>Ortodoncia basada en evidencia cient\u00edfica<\/p>\n\t<h4>\n\t\t\t\t\tCalidad\n\t\t\t\t<\/h4>\n\t\t\t<p>Manejo interdisciplinario de alta calidad<\/p>\n\t<h4>\n\t\t\t\t\tAdaptabilidad\n\t\t\t\t<\/h4>\n\t\t\t<p>Tratamientos basados en par\u00e1metros funcionales de alta calidad<\/p>\n\t<h4>\n\t\t\t\t\ttegnologia de punta\n\t\t\t\t<\/h4>\n\t\t\t<p>Los mejores tratamientos con tecnolog\u00eda de punta<\/p>\n\t<h6>\n\t\t\t\t\tContacto\n\t\t\t\t<\/h6>\n\t<h2>\n\t\t\t\t\tPedir una cita\n\t\t\t\t<\/h2>\n\t\t\t<a href=\"https:\/\/wa.me\/573023233119?text=Quisiera%20solicitar%20una%20cita!\" target=\"_self\" role=\"button\" rel=\"noopener\">\n\t\t\t\t\t\tPedir una cita\n\t\t<\/a>\n\n","protected":false},"excerpt":{"rendered":"<p>La calidad marca la diferencia, no el costo \u00bfPor qu\u00e9 yo? Presici\u00f3n en ortodoncia Exactitud en el diagn\u00f3stico Calidad Atenci\u00f3n personalizada, m\u00e1s tiempo para usted, con horarios flexibles Perfecci\u00f3n Correcci\u00f3n de la posici\u00f3n dental Profesionalismo Ortodoncia basada en evidencia cient\u00edfica Calidad Manejo interdisciplinario de alta calidad Adaptabilidad Tratamientos basados en par\u00e1metros funcionales de alta calidad [&hellip;]<\/p>\n","protected":false},"author":1,"featured_media":0,"parent":0,"menu_order":0,"comment_status":"closed","ping_status":"closed","template":"","meta":{"om_disable_all_campaigns":false,"_monsterinsights_skip_tracking":false,"_monsterinsights_sitenote_active":false,"_monsterinsights_sitenote_note":"","_monsterinsights_sitenote_category":0,"site-sidebar-layout":"no-sidebar","site-content-layout":"page-builder","ast-site-content-layout":"default","site-content-style":"default","site-sidebar-style":"default","ast-global-header-display":"","ast-banner-title-visibility":"","ast-main-header-display":"","ast-hfb-above-header-display":"","ast-hfb-below-header-display":"","ast-hfb-mobile-header-display":"","site-post-title":"disabled","ast-breadcrumbs-content":"","ast-featured-img":"disabled","footer-sml-layout":"","ast-disable-related-posts":"","theme-transparent-header-meta":"enabled","adv-header-id-meta":"","stick-header-meta":"","header-above-stick-meta":"","header-main-stick-meta":"","header-below-stick-meta":"","astra-migrate-meta-layouts":"default","ast-page-background-enabled":"default","ast-page-background-meta":{"desktop":{"background-color":"","background-image":"","background-repeat":"repeat","background-position":"center center","background-size":"auto","background-attachment":"scroll","background-type":"","background-media":"","overlay-type":"","overlay-color":"","overlay-opacity":"","overlay-gradient":""},"tablet":{"background-color":"","background-image":"","background-repeat":"repeat","background-position":"center center","background-size":"auto","background-attachment":"scroll","background-type":"","background-media":"","overlay-type":"","overlay-color":"","overlay-opacity":"","overlay-gradient":""},"mobile":{"background-color":"","background-image":"","background-repeat":"repeat","background-position":"center center","background-size":"auto","background-attachment":"scroll","background-type":"","background-media":"","overlay-type":"","overlay-color":"","overlay-opacity":"","overlay-gradient":""}},"ast-content-background-meta":{"desktop":{"background-color":"var(--ast-global-color-5)","background-image":"","background-repeat":"repeat","background-position":"center center","background-size":"auto","background-attachment":"scroll","background-type":"","background-media":"","overlay-type":"","overlay-color":"","overlay-opacity":"","overlay-gradient":""},"tablet":{"background-color":"var(--ast-global-color-5)","background-image":"","background-repeat":"repeat","background-position":"center center","background-size":"auto","background-attachment":"scroll","background-type":"","background-media":"","overlay-type":"","overlay-color":"","overlay-opacity":"","overlay-gradient":""},"mobile":{"background-color":"var(--ast-global-color-5)","background-image":"","background-repeat":"repeat","background-position":"center center","background-size":"auto","background-attachment":"scroll","background-type":"","background-media":"","overlay-type":"","overlay-color":"","overlay-opacity":"","overlay-gradient":""}},"_themeisle_gutenberg_block_has_review":false,"footnotes":""},"class_list":["post-635","page","type-page","status-publish","hentry"],"aioseo_notices":[],"_links":{"self":[{"href":"https:\/\/doctoracarolinalonglax.com.co\/index.php?rest_route=\/wp\/v2\/pages\/635","targetHints":{"allow":["GET"]}}],"collection":[{"href":"https:\/\/doctoracarolinalonglax.com.co\/index.php?rest_route=\/wp\/v2\/pages"}],"about":[{"href":"https:\/\/doctoracarolinalonglax.com.co\/index.php?rest_route=\/wp\/v2\/types\/page"}],"author":[{"embeddable":true,"href":"https:\/\/doctoracarolinalonglax.com.co\/index.php?rest_route=\/wp\/v2\/users\/1"}],"replies":[{"embeddable":true,"href":"https:\/\/doctoracarolinalonglax.com.co\/index.php?rest_route=%2Fwp%2Fv2%2Fcomments&post=635"}],"version-history":[{"count":12,"href":"https:\/\/doctoracarolinalonglax.com.co\/index.php?rest_route=\/wp\/v2\/pages\/635\/revisions"}],"predecessor-version":[{"id":1020,"href":"https:\/\/doctoracarolinalonglax.com.co\/index.php?rest_route=\/wp\/v2\/pages\/635\/revisions\/1020"}],"wp:attachment":[{"href":"https:\/\/doctoracarolinalonglax.com.co\/index.php?rest_route=%2Fwp%2Fv2%2Fmedia&parent=635"}],"curies":[{"name":"wp","href":"https:\/\/api.w.org\/{rel}","templated":true}]}}