{"id":636,"date":"2022-03-21T07:42:33","date_gmt":"2022-03-21T07:42:33","guid":{"rendered":"http:\/\/doctoracarolinalonglax.com.co\/?page_id=636"},"modified":"2022-12-20T21:44:15","modified_gmt":"2022-12-20T21:44:15","slug":"testimonials","status":"publish","type":"page","link":"https:\/\/doctoracarolinalonglax.com.co\/?page_id=636","title":{"rendered":"Testimonials"},"content":{"rendered":"\n\n\t<h6>\n\t\t\t\t\t\u00bfQue piensan mis pacientes?\n\t\t\t\t<\/h6>\n\t<h1>\n\t\t\t\t\tTestimonios\n\t\t\t\t<\/h1>\n\t<p>Con mucha satisfacci\u00f3n y agradecimiento por el tratamiento y la atenci\u00f3n que recibimos por parte de ustedes. Muchisimas gracias y que Dios los bendiga.<\/p>\n\t<p>Ahora debo resumir en unos pocos renglones, palabras y oraciones el inmenso, incalculable, infinito e interminable agradecimiento a ustedes dos, Caro y Yola&#8230; Sus conociementos y compromiso hacen que mi felicidad est\u00e9 un paso m\u00e1s cerca.<\/p>\n\t<p>Estoy muy contento del resultado. Tengo la sonrisa que siempre quise tener. La doctora Carolina es alguien muy profesional y que realmente est\u00e1 pendiente de sus pacientes. Durante mi tratamiento me sent\u00eda muy seguro y ve\u00eda siempre una mejora en mis dientes.<\/p>\n\t<p>Quedo muy satisfecha y feliz. La doc es muy exigente y se ve en los excelentes resultados. Gracias a Yolanda por estar pendiente del cumplimiento mensual a los controles.<\/p>\n\t<p>Estoy satisfecho con el tratamiento y me gust\u00f3 el resultado obtenido.<\/p>\n\t<p>Les agradezco mucho toda su paciencia para resolver las inquietudes y la dedicaci\u00f3n con la que me ayudaron a hacer de mi ortodocia una etapa superada. Me ofrecieron siempre alternativas para sentirme segura de los procedimientos. Muchas gracias!<\/p>\n\t\t\t\t<img decoding=\"async\" src=\"https:\/\/doctoracarolinalonglax.com.co\/wp-content\/uploads\/2022\/10\/LOGO-SCO-300x183-1.png\" alt=\"LOGO-SCO-300x183\" itemprop=\"image\"\/>\n\t\t\t\t<img decoding=\"async\" src=\"https:\/\/doctoracarolinalonglax.com.co\/wp-content\/uploads\/2022\/10\/GetTicketLogo-1.png\" alt=\"GetTicketLogo (1)\" itemprop=\"image\"\/>\n\t<h6>\n\t\t\t\t\tCONTACTO\n\t\t\t\t<\/h6>\n\t<h2>\n\t\t\t\t\tPedir una cita\n\t\t\t\t<\/h2>\n\t\t\t<a href=\"https:\/\/wa.me\/573023233119?text=Quisiera%20solicitar%20una%20cita!\" target=\"_self\" role=\"button\" rel=\"noopener\">\n\t\t\t\t\t\tPedir una cita\n\t\t<\/a>\n\n","protected":false},"excerpt":{"rendered":"<p>\u00bfQue piensan mis pacientes? Testimonios Con mucha satisfacci\u00f3n y agradecimiento por el tratamiento y la atenci\u00f3n que recibimos por parte de ustedes. Muchisimas gracias y que Dios los bendiga. Ahora debo resumir en unos pocos renglones, palabras y oraciones el inmenso, incalculable, infinito e interminable agradecimiento a ustedes dos, Caro y Yola&#8230; Sus conociementos y [&hellip;]<\/p>\n","protected":false},"author":1,"featured_media":0,"parent":0,"menu_order":0,"comment_status":"closed","ping_status":"closed","template":"","meta":{"om_disable_all_campaigns":false,"_monsterinsights_skip_tracking":false,"_monsterinsights_sitenote_active":false,"_monsterinsights_sitenote_note":"","_monsterinsights_sitenote_category":0,"site-sidebar-layout":"no-sidebar","site-content-layout":"page-builder","ast-site-content-layout":"default","site-content-style":"default","site-sidebar-style":"default","ast-global-header-display":"","ast-banner-title-visibility":"","ast-main-header-display":"","ast-hfb-above-header-display":"","ast-hfb-below-header-display":"","ast-hfb-mobile-header-display":"","site-post-title":"disabled","ast-breadcrumbs-content":"","ast-featured-img":"disabled","footer-sml-layout":"","ast-disable-related-posts":"","theme-transparent-header-meta":"enabled","adv-header-id-meta":"","stick-header-meta":"","header-above-stick-meta":"","header-main-stick-meta":"","header-below-stick-meta":"","astra-migrate-meta-layouts":"default","ast-page-background-enabled":"default","ast-page-background-meta":{"desktop":{"background-color":"","background-image":"","background-repeat":"repeat","background-position":"center center","background-size":"auto","background-attachment":"scroll","background-type":"","background-media":"","overlay-type":"","overlay-color":"","overlay-opacity":"","overlay-gradient":""},"tablet":{"background-color":"","background-image":"","background-repeat":"repeat","background-position":"center center","background-size":"auto","background-attachment":"scroll","background-type":"","background-media":"","overlay-type":"","overlay-color":"","overlay-opacity":"","overlay-gradient":""},"mobile":{"background-color":"","background-image":"","background-repeat":"repeat","background-position":"center center","background-size":"auto","background-attachment":"scroll","background-type":"","background-media":"","overlay-type":"","overlay-color":"","overlay-opacity":"","overlay-gradient":""}},"ast-content-background-meta":{"desktop":{"background-color":"var(--ast-global-color-5)","background-image":"","background-repeat":"repeat","background-position":"center center","background-size":"auto","background-attachment":"scroll","background-type":"","background-media":"","overlay-type":"","overlay-color":"","overlay-opacity":"","overlay-gradient":""},"tablet":{"background-color":"var(--ast-global-color-5)","background-image":"","background-repeat":"repeat","background-position":"center center","background-size":"auto","background-attachment":"scroll","background-type":"","background-media":"","overlay-type":"","overlay-color":"","overlay-opacity":"","overlay-gradient":""},"mobile":{"background-color":"var(--ast-global-color-5)","background-image":"","background-repeat":"repeat","background-position":"center center","background-size":"auto","background-attachment":"scroll","background-type":"","background-media":"","overlay-type":"","overlay-color":"","overlay-opacity":"","overlay-gradient":""}},"_themeisle_gutenberg_block_has_review":false,"footnotes":""},"class_list":["post-636","page","type-page","status-publish","hentry"],"aioseo_notices":[],"_links":{"self":[{"href":"https:\/\/doctoracarolinalonglax.com.co\/index.php?rest_route=\/wp\/v2\/pages\/636","targetHints":{"allow":["GET"]}}],"collection":[{"href":"https:\/\/doctoracarolinalonglax.com.co\/index.php?rest_route=\/wp\/v2\/pages"}],"about":[{"href":"https:\/\/doctoracarolinalonglax.com.co\/index.php?rest_route=\/wp\/v2\/types\/page"}],"author":[{"embeddable":true,"href":"https:\/\/doctoracarolinalonglax.com.co\/index.php?rest_route=\/wp\/v2\/users\/1"}],"replies":[{"embeddable":true,"href":"https:\/\/doctoracarolinalonglax.com.co\/index.php?rest_route=%2Fwp%2Fv2%2Fcomments&post=636"}],"version-history":[{"count":12,"href":"https:\/\/doctoracarolinalonglax.com.co\/index.php?rest_route=\/wp\/v2\/pages\/636\/revisions"}],"predecessor-version":[{"id":1022,"href":"https:\/\/doctoracarolinalonglax.com.co\/index.php?rest_route=\/wp\/v2\/pages\/636\/revisions\/1022"}],"wp:attachment":[{"href":"https:\/\/doctoracarolinalonglax.com.co\/index.php?rest_route=%2Fwp%2Fv2%2Fmedia&parent=636"}],"curies":[{"name":"wp","href":"https:\/\/api.w.org\/{rel}","templated":true}]}}